{"id":8941,"date":"2022-10-18T10:36:00","date_gmt":"2022-10-18T10:36:00","guid":{"rendered":"https:\/\/plastrans.kinsta.cloud\/company\/zertifizierungen\/"},"modified":"2025-12-09T08:19:25","modified_gmt":"2025-12-09T08:19:25","slug":"certification-2","status":"publish","type":"page","link":"https:\/\/www.plastrans.com\/en\/company\/certification-2\/","title":{"rendered":"Certifications"},"content":{"rendered":"    <div data-aos=\"fade-up\" data-aos-duration=\"1000\"  class=\"ce ce-text\n             \" id=\"\">\n        \n        <div class=\"container-fluid\">                <div class=\"row\">\r\n        <div class=\"col-12 col-md-12 col-xl-12 mx-auto text-left\">\r\n            <h2 class=\"h4\">Your Quality Distributor for Polymers.<\/h2>\r\n        <\/div>\r\n    <\/div>\r\n\r\n                        <div class=\"row\">\n                <div class=\"ce-text__text col-12 col-md-12 col-xl-12 mx-auto text-left\">\n                    <div id=\"\" class=\"ce ce-text aos-init aos-animate\" data-aos=\"fade-up\" data-aos-duration=\"1000\">\n<div class=\"container-fluid\">\n<div class=\"row\">\n<div class=\"ce-text__text col-12 col-md-12 col-xl-12 mx-auto text-left\">\n<p>A valuable certification guarantees that Plastrans maintains a high level of expertise and understanding in the field of polymers, and complies with international business standards. Plastrans ensures exceptional customer service by adhering to best practices, we go beyond your basic needs creating a personal and omnichannel experience that leaves a lasting impression.<\/p>\n<\/div>\n<\/div>\n<\/div>\n<\/div>\n                <\/div>\n            <\/div>\n        <\/div>    <\/div>\n\n    \n\n    <div data-aos=\"fade-up\" data-aos-duration=\"1000\"  class=\"ce ce-textimage\n                         \" id=\"\">\n                        <div class=\"container-fluid\">                                <div class=\"row\">\n                    <div class=\"ce-textimage__text col-12 col-md-12 col-xl-6 mx-auto text-left \">\n                                                <h2 class=\"\">ISO 9001 Certificate<br \/>\r\n<\/h2>\n                                        <p><a href=\"https:\/\/www.plastrans.com\/wp-content\/uploads\/2025\/09\/Englisch_ZER_0068641_266592.pdf\">Download<\/a><\/p>\n<div id=\"gtx-trans\" style=\"position: absolute; left: -37px; top: -10px;\">\n<div class=\"gtx-trans-icon\"><\/div>\n<\/div>\n                <\/div>\n                <div class=\"ce-textimage__image col-12 col-md-12 col-xl-6 pr-0\">\n                    <figure class=\"\" data-aos=\"fade\" data-aos-duration=\"1000\" data-aos-delay=\"500\">\n                                                    <picture>\n                                <source media=\"(min-width: 768px)\" srcset=\"https:\/\/www.plastrans.com\/wp-content\/uploads\/2025\/09\/Englisch_ZER_0068641_266592_page-0001.jpg\">\n                                <source media=\"(min-width: 576px)\" srcset=\"https:\/\/www.plastrans.com\/wp-content\/uploads\/2025\/09\/Englisch_ZER_0068641_266592_page-0001.jpg\">\n                                <source media=\"(min-width: 320px)\" srcset=\"https:\/\/www.plastrans.com\/wp-content\/uploads\/2025\/09\/Englisch_ZER_0068641_266592_page-0001.jpg\">\n                                <source srcset=\"https:\/\/www.plastrans.com\/wp-content\/uploads\/2025\/09\/Englisch_ZER_0068641_266592_page-0001.jpg\">\n                                <img decoding=\"async\" src=\"https:\/\/www.plastrans.com\/wp-content\/uploads\/2025\/09\/Englisch_ZER_0068641_266592_page-0001.jpg\" alt=\"\" title=\"Englisch_ZER_0068641_266592_page-0001\" class=\"img-fluid w-100\">\n                            <\/picture>\n                                            <\/figure>\n                <\/div>\n            <\/div>\n        <\/div>    <\/div>\n\n    \n\n    <div data-aos=\"fade-up\" data-aos-duration=\"1000\"  class=\"ce ce-textimage\n                         \" id=\"\">\n                        <div class=\"container-fluid\">                                <div class=\"row\">\n                    <div class=\"ce-textimage__text col-12 col-md-12 col-xl-6 mx-auto text-left \">\n                                                <h2 class=\"\">ISO 14001 Certificate<br \/>\r\n<\/h2>\n                                        <p><a href=\"https:\/\/www.plastrans.com\/wp-content\/uploads\/2025\/09\/Englisch_ZER_0073614_266597.pdf\">Download<\/a><\/p>\n<div id=\"gtx-trans\" style=\"position: absolute; left: -37px; top: -10px;\">\n<div class=\"gtx-trans-icon\"><\/div>\n<\/div>\n                <\/div>\n                <div class=\"ce-textimage__image col-12 col-md-12 col-xl-6 pr-0\">\n                    <figure class=\"\" data-aos=\"fade\" data-aos-duration=\"1000\" data-aos-delay=\"500\">\n                                                    <picture>\n                                <source media=\"(min-width: 768px)\" srcset=\"https:\/\/www.plastrans.com\/wp-content\/uploads\/2025\/09\/Englisch_ZER_0073614_266597_page-0001.jpg\">\n                                <source media=\"(min-width: 576px)\" srcset=\"https:\/\/www.plastrans.com\/wp-content\/uploads\/2025\/09\/Englisch_ZER_0073614_266597_page-0001.jpg\">\n                                <source media=\"(min-width: 320px)\" srcset=\"https:\/\/www.plastrans.com\/wp-content\/uploads\/2025\/09\/Englisch_ZER_0073614_266597_page-0001.jpg\">\n                                <source srcset=\"https:\/\/www.plastrans.com\/wp-content\/uploads\/2025\/09\/Englisch_ZER_0073614_266597_page-0001.jpg\">\n                                <img decoding=\"async\" src=\"https:\/\/www.plastrans.com\/wp-content\/uploads\/2025\/09\/Englisch_ZER_0073614_266597_page-0001.jpg\" alt=\"\" title=\"Englisch ZER 0073614 266597 Page 0001\" class=\"img-fluid w-100\">\n                            <\/picture>\n                                            <\/figure>\n                <\/div>\n            <\/div>\n        <\/div>    <\/div>\n\n    \n\n    <div data-aos=\"fade-up\" data-aos-duration=\"1000\"  class=\"ce ce-textimage\n                         \" id=\"\">\n                        <div class=\"container-fluid\">                                <div class=\"row\">\n                    <div class=\"ce-textimage__text col-12 col-md-12 col-xl-6 mx-auto text-left \">\n                                                <h2 class=\"\">ISCC PLUS Certificate<br \/>\r\n<\/h2>\n                                        <p><a href=\"https:\/\/www.plastrans.com\/wp-content\/uploads\/2025\/12\/ISCC_PLUS_certificate_Plastrans-Technologies-GmbH_09.12.2025.pdf\">Download<\/a><\/p>\n<div id=\"gtx-trans\" style=\"position: absolute; left: -37px; top: -10px;\">\n<div class=\"gtx-trans-icon\"><\/div>\n<\/div>\n                <\/div>\n                <div class=\"ce-textimage__image col-12 col-md-12 col-xl-6 pr-0\">\n                    <figure class=\"\" data-aos=\"fade\" data-aos-duration=\"1000\" data-aos-delay=\"500\">\n                                                    <picture>\n                                <source media=\"(min-width: 768px)\" srcset=\"https:\/\/www.plastrans.com\/wp-content\/uploads\/2025\/12\/ISCC_PLUS_certificate_Plastrans-Technologies-GmbH_09.12.2025_page-0001.jpg\">\n                                <source media=\"(min-width: 576px)\" srcset=\"https:\/\/www.plastrans.com\/wp-content\/uploads\/2025\/12\/ISCC_PLUS_certificate_Plastrans-Technologies-GmbH_09.12.2025_page-0001.jpg\">\n                                <source media=\"(min-width: 320px)\" srcset=\"https:\/\/www.plastrans.com\/wp-content\/uploads\/2025\/12\/ISCC_PLUS_certificate_Plastrans-Technologies-GmbH_09.12.2025_page-0001.jpg\">\n                                <source srcset=\"https:\/\/www.plastrans.com\/wp-content\/uploads\/2025\/12\/ISCC_PLUS_certificate_Plastrans-Technologies-GmbH_09.12.2025_page-0001.jpg\">\n                                <img decoding=\"async\" src=\"https:\/\/www.plastrans.com\/wp-content\/uploads\/2025\/12\/ISCC_PLUS_certificate_Plastrans-Technologies-GmbH_09.12.2025_page-0001.jpg\" alt=\"\" title=\"ISCC_PLUS_certificate_Plastrans Technologies GmbH_09.12.2025_page-0001\" class=\"img-fluid w-100\">\n                            <\/picture>\n                                            <\/figure>\n                <\/div>\n            <\/div>\n        <\/div>    <\/div>\n\n    \n\n    <div data-aos=\"fade-up\" data-aos-duration=\"1000\"  class=\"ce ce-textimage\n                         \" id=\"\">\n                        <div class=\"container-fluid\">                                <div class=\"row\">\n                    <div class=\"ce-textimage__text col-12 col-md-12 col-xl-6 mx-auto text-left \">\n                                                <h2 class=\"\">PRS Green Label<\/h2>\n                                        <p><a href=\"https:\/\/plastrans.kinsta.cloud\/wp-content\/uploads\/2023\/05\/Plastrans-Petrochemicals-GmbH-PRS-Green-Label-certificate-2022.pdf\">Download<\/a><\/p>\n<div id=\"gtx-trans\" style=\"position: absolute; left: -7px; top: -10px;\">\n<div class=\"gtx-trans-icon\"><\/div>\n<\/div>\n                <\/div>\n                <div class=\"ce-textimage__image col-12 col-md-12 col-xl-6 pr-0\">\n                    <figure class=\"\" data-aos=\"fade\" data-aos-duration=\"1000\" data-aos-delay=\"500\">\n                                                    <picture>\n                                <source media=\"(min-width: 768px)\" srcset=\"https:\/\/www.plastrans.com\/wp-content\/uploads\/2025\/01\/Plastrans-Technologies-GmbH-Green-Label-Certificaat-2024.png-1.png\">\n                                <source media=\"(min-width: 576px)\" srcset=\"https:\/\/www.plastrans.com\/wp-content\/uploads\/2025\/01\/Plastrans-Technologies-GmbH-Green-Label-Certificaat-2024.png-1.png\">\n                                <source media=\"(min-width: 320px)\" srcset=\"https:\/\/www.plastrans.com\/wp-content\/uploads\/2025\/01\/Plastrans-Technologies-GmbH-Green-Label-Certificaat-2024.png-1.png\">\n                                <source srcset=\"https:\/\/www.plastrans.com\/wp-content\/uploads\/2025\/01\/Plastrans-Technologies-GmbH-Green-Label-Certificaat-2024.png-1.png\">\n                                <img decoding=\"async\" src=\"https:\/\/www.plastrans.com\/wp-content\/uploads\/2025\/01\/Plastrans-Technologies-GmbH-Green-Label-Certificaat-2024.png-1.png\" alt=\"\" title=\"Plastrans Technologies GmbH Green Label Certificaat 2024.png 1\" class=\"img-fluid w-100\">\n                            <\/picture>\n                                            <\/figure>\n                <\/div>\n            <\/div>\n        <\/div>    <\/div>\n\n    \n\n    <div data-aos=\"fade-up\" data-aos-duration=\"1000\"  class=\"ce ce-textimage\n                         \" id=\"\">\n                        <div class=\"container-fluid\">                                <div class=\"row\">\n                    <div class=\"ce-textimage__text col-12 col-md-12 col-xl-6 mx-auto text-left \">\n                                                <h2 class=\"\">Excellent Austrian Company 2024<br \/>\r\n<\/h2>\n                                        <p><a href=\"https:\/\/plastrans.kinsta.cloud\/wp-content\/uploads\/2024\/05\/Urkunde_QA_Plastrans_2024-1.pdf\">Download<\/a><\/p>\n<div id=\"gtx-trans\" style=\"position: absolute; left: -7px; top: -10px;\">\n<div class=\"gtx-trans-icon\"><\/div>\n<\/div>\n                <\/div>\n                <div class=\"ce-textimage__image col-12 col-md-12 col-xl-6 pr-0\">\n                    <figure class=\"\" data-aos=\"fade\" data-aos-duration=\"1000\" data-aos-delay=\"500\">\n                                                    <picture>\n                                <source media=\"(min-width: 768px)\" srcset=\"https:\/\/www.plastrans.com\/wp-content\/uploads\/2024\/05\/Urkunde_QA_Plastrans_2024-scaled.jpg\">\n                                <source media=\"(min-width: 576px)\" srcset=\"https:\/\/www.plastrans.com\/wp-content\/uploads\/2024\/05\/Urkunde_QA_Plastrans_2024-scaled.jpg\">\n                                <source media=\"(min-width: 320px)\" srcset=\"https:\/\/www.plastrans.com\/wp-content\/uploads\/2024\/05\/Urkunde_QA_Plastrans_2024-scaled.jpg\">\n                                <source srcset=\"https:\/\/www.plastrans.com\/wp-content\/uploads\/2024\/05\/Urkunde_QA_Plastrans_2024-scaled.jpg\">\n                                <img decoding=\"async\" src=\"https:\/\/www.plastrans.com\/wp-content\/uploads\/2024\/05\/Urkunde_QA_Plastrans_2024-scaled.jpg\" alt=\"\" title=\"Urkunde_QA_Plastrans_2024\" class=\"img-fluid w-100\">\n                            <\/picture>\n                                            <\/figure>\n                <\/div>\n            <\/div>\n        <\/div>    <\/div>\n\n    \n\n<div class=\"ce ce-quoteslider u-pt-small u-pb-small\r\nce--contrast ce--full u-bgColor-turkis\" data-aos=\"fade-in\" data-aos-duration=\"1000\" id=\"\">\r\n        <div class=\"container-fluid\">\r\n        <div class=\"ce-quoteslider__slider js-quoteslider\">\r\n                            <div class=\"ce-quoteslider__item\">\r\n                    <div class=\"row\">\r\n                        <div class=\"col-12 col-lg-8 mx-auto text-center\">\r\n                            <p class=\"quote\">\r\n                                LKW WALTER organisiert seit 30 Jahren LKW-Komplettladungen f\u00fcr Plastrans. Gemeinsam setzen wir auf innovative L\u00f6sungen mit starkem Fokus auf moderne und umweltschonende Transporte. Die Zusammenarbeit mit Plastrans ist gepr\u00e4gt von gegenseitiger Wertsch\u00e4tzung und Verl\u00e4sslichkeit.                            <\/p>\r\n                            <p class=\"quote__subline\">\r\n                                Andreas Pr\u00f6tsch, Key-Account Manager, LKW WALTER                            <\/p>\r\n                        <\/div>\r\n                    <\/div>\r\n                <\/div>\r\n                           <div class=\"ce-quoteslider__item\">\r\n                    <div class=\"row\">\r\n                        <div class=\"col-12 col-lg-8 mx-auto text-center\">\r\n                            <p class=\"quote\">\r\n                                Total and Plastrans is a trustable longstanding business relationship every year throughout these past 20 years is proving the common willingness of moving forward towards new ideas, developments and challenges. Their professionalism and enthusiasm are key contributors of our mutual  success in distribution.                            <\/p>\r\n                            <p class=\"quote__subline\">\r\n                                Cristina Gonzales, Sales Manager &#8211; Indirect, Total Petrochemicals                            <\/p>\r\n                        <\/div>\r\n                    <\/div>\r\n                <\/div>\r\n                   <\/div>\r\n    <\/div>\r\n<\/div>\r\n","protected":false},"excerpt":{"rendered":"","protected":false},"author":26,"featured_media":0,"parent":2545,"menu_order":0,"comment_status":"closed","ping_status":"closed","template":"","meta":{"_acf_changed":false,"inline_featured_image":false,"footnotes":""},"class_list":["post-8941","page","type-page","status-publish","hentry"],"acf":[],"yoast_head":"<!-- This site is optimized with the Yoast SEO plugin v27.2 - https:\/\/yoast.com\/product\/yoast-seo-wordpress\/ -->\n<title>Certifications - durch Vertrauen zum Erfolg<\/title>\n<meta name=\"description\" content=\"Unsere handverlesenen, global ausgerichteten Produzenten sorgen f\u00fcr beste Materialien und Rohstoffe. Gerade aufgrund dieses qualit\u00e4tsorientierten und geografisch ausbalancierten Ansatzes kooperieren wir mit dem Gro\u00dfteil unserer Partner bereits seit vielen Jahren.\" \/>\n<meta name=\"robots\" content=\"index, follow, max-snippet:-1, max-image-preview:large, max-video-preview:-1\" \/>\n<link rel=\"canonical\" href=\"https:\/\/www.plastrans.com\/en\/company\/certification-2\/\" \/>\n<meta property=\"og:locale\" content=\"en_US\" \/>\n<meta property=\"og:type\" content=\"article\" \/>\n<meta property=\"og:title\" content=\"Certifications - durch Vertrauen zum Erfolg\" \/>\n<meta property=\"og:description\" content=\"Unsere handverlesenen, global ausgerichteten Produzenten sorgen f\u00fcr beste Materialien und Rohstoffe. Gerade aufgrund dieses qualit\u00e4tsorientierten und geografisch ausbalancierten Ansatzes kooperieren wir mit dem Gro\u00dfteil unserer Partner bereits seit vielen Jahren.\" \/>\n<meta property=\"og:url\" content=\"https:\/\/www.plastrans.com\/en\/company\/certification-2\/\" \/>\n<meta property=\"og:site_name\" content=\"Plastrans Technologies\" \/>\n<meta property=\"article:modified_time\" content=\"2025-12-09T08:19:25+00:00\" \/>\n<meta name=\"twitter:card\" content=\"summary_large_image\" \/>\n<script type=\"application\/ld+json\" class=\"yoast-schema-graph\">{\"@context\":\"https:\/\/schema.org\",\"@graph\":[{\"@type\":\"WebPage\",\"@id\":\"https:\/\/www.plastrans.com\/en\/company\/certification-2\/\",\"url\":\"https:\/\/www.plastrans.com\/en\/company\/certification-2\/\",\"name\":\"Certifications - durch Vertrauen zum Erfolg\",\"isPartOf\":{\"@id\":\"https:\/\/www.plastrans.com\/#website\"},\"datePublished\":\"2022-10-18T10:36:00+00:00\",\"dateModified\":\"2025-12-09T08:19:25+00:00\",\"description\":\"Unsere handverlesenen, global ausgerichteten Produzenten sorgen f\u00fcr beste Materialien und Rohstoffe. Gerade aufgrund dieses qualit\u00e4tsorientierten und geografisch ausbalancierten Ansatzes kooperieren wir mit dem Gro\u00dfteil unserer Partner bereits seit vielen Jahren.\",\"breadcrumb\":{\"@id\":\"https:\/\/www.plastrans.com\/en\/company\/certification-2\/#breadcrumb\"},\"inLanguage\":\"en-US\",\"potentialAction\":[{\"@type\":\"ReadAction\",\"target\":[\"https:\/\/www.plastrans.com\/en\/company\/certification-2\/\"]}]},{\"@type\":\"BreadcrumbList\",\"@id\":\"https:\/\/www.plastrans.com\/en\/company\/certification-2\/#breadcrumb\",\"itemListElement\":[{\"@type\":\"ListItem\",\"position\":1,\"name\":\"Home\",\"item\":\"https:\/\/www.plastrans.com\/en\/\"},{\"@type\":\"ListItem\",\"position\":2,\"name\":\"Company\",\"item\":\"https:\/\/plastrans.com\/en\/company\/\"},{\"@type\":\"ListItem\",\"position\":3,\"name\":\"Certifications\"}]},{\"@type\":\"WebSite\",\"@id\":\"https:\/\/www.plastrans.com\/#website\",\"url\":\"https:\/\/www.plastrans.com\/\",\"name\":\"Plastrans Technologies\",\"description\":\"\",\"publisher\":{\"@id\":\"https:\/\/www.plastrans.com\/#organization\"},\"potentialAction\":[{\"@type\":\"SearchAction\",\"target\":{\"@type\":\"EntryPoint\",\"urlTemplate\":\"https:\/\/www.plastrans.com\/?s={search_term_string}\"},\"query-input\":{\"@type\":\"PropertyValueSpecification\",\"valueRequired\":true,\"valueName\":\"search_term_string\"}}],\"inLanguage\":\"en-US\"},{\"@type\":\"Organization\",\"@id\":\"https:\/\/www.plastrans.com\/#organization\",\"name\":\"Plastrans Technologies\",\"url\":\"https:\/\/www.plastrans.com\/\",\"logo\":{\"@type\":\"ImageObject\",\"inLanguage\":\"en-US\",\"@id\":\"https:\/\/www.plastrans.com\/#\/schema\/logo\/image\/\",\"url\":\"https:\/\/plastrans.kinsta.cloud\/wp-content\/uploads\/2023\/04\/plastrans.png\",\"contentUrl\":\"https:\/\/plastrans.kinsta.cloud\/wp-content\/uploads\/2023\/04\/plastrans.png\",\"width\":225,\"height\":225,\"caption\":\"Plastrans Technologies\"},\"image\":{\"@id\":\"https:\/\/www.plastrans.com\/#\/schema\/logo\/image\/\"},\"sameAs\":[\"https:\/\/www.linkedin.com\/company\/18090199\/\"]}]}<\/script>\n<!-- \/ Yoast SEO plugin. -->","yoast_head_json":{"title":"Certifications - durch Vertrauen zum Erfolg","description":"Unsere handverlesenen, global ausgerichteten Produzenten sorgen f\u00fcr beste Materialien und Rohstoffe. Gerade aufgrund dieses qualit\u00e4tsorientierten und geografisch ausbalancierten Ansatzes kooperieren wir mit dem Gro\u00dfteil unserer Partner bereits seit vielen Jahren.","robots":{"index":"index","follow":"follow","max-snippet":"max-snippet:-1","max-image-preview":"max-image-preview:large","max-video-preview":"max-video-preview:-1"},"canonical":"https:\/\/www.plastrans.com\/en\/company\/certification-2\/","og_locale":"en_US","og_type":"article","og_title":"Certifications - durch Vertrauen zum Erfolg","og_description":"Unsere handverlesenen, global ausgerichteten Produzenten sorgen f\u00fcr beste Materialien und Rohstoffe. Gerade aufgrund dieses qualit\u00e4tsorientierten und geografisch ausbalancierten Ansatzes kooperieren wir mit dem Gro\u00dfteil unserer Partner bereits seit vielen Jahren.","og_url":"https:\/\/www.plastrans.com\/en\/company\/certification-2\/","og_site_name":"Plastrans Technologies","article_modified_time":"2025-12-09T08:19:25+00:00","twitter_card":"summary_large_image","schema":{"@context":"https:\/\/schema.org","@graph":[{"@type":"WebPage","@id":"https:\/\/www.plastrans.com\/en\/company\/certification-2\/","url":"https:\/\/www.plastrans.com\/en\/company\/certification-2\/","name":"Certifications - durch Vertrauen zum Erfolg","isPartOf":{"@id":"https:\/\/www.plastrans.com\/#website"},"datePublished":"2022-10-18T10:36:00+00:00","dateModified":"2025-12-09T08:19:25+00:00","description":"Unsere handverlesenen, global ausgerichteten Produzenten sorgen f\u00fcr beste Materialien und Rohstoffe. Gerade aufgrund dieses qualit\u00e4tsorientierten und geografisch ausbalancierten Ansatzes kooperieren wir mit dem Gro\u00dfteil unserer Partner bereits seit vielen Jahren.","breadcrumb":{"@id":"https:\/\/www.plastrans.com\/en\/company\/certification-2\/#breadcrumb"},"inLanguage":"en-US","potentialAction":[{"@type":"ReadAction","target":["https:\/\/www.plastrans.com\/en\/company\/certification-2\/"]}]},{"@type":"BreadcrumbList","@id":"https:\/\/www.plastrans.com\/en\/company\/certification-2\/#breadcrumb","itemListElement":[{"@type":"ListItem","position":1,"name":"Home","item":"https:\/\/www.plastrans.com\/en\/"},{"@type":"ListItem","position":2,"name":"Company","item":"https:\/\/plastrans.com\/en\/company\/"},{"@type":"ListItem","position":3,"name":"Certifications"}]},{"@type":"WebSite","@id":"https:\/\/www.plastrans.com\/#website","url":"https:\/\/www.plastrans.com\/","name":"Plastrans Technologies","description":"","publisher":{"@id":"https:\/\/www.plastrans.com\/#organization"},"potentialAction":[{"@type":"SearchAction","target":{"@type":"EntryPoint","urlTemplate":"https:\/\/www.plastrans.com\/?s={search_term_string}"},"query-input":{"@type":"PropertyValueSpecification","valueRequired":true,"valueName":"search_term_string"}}],"inLanguage":"en-US"},{"@type":"Organization","@id":"https:\/\/www.plastrans.com\/#organization","name":"Plastrans Technologies","url":"https:\/\/www.plastrans.com\/","logo":{"@type":"ImageObject","inLanguage":"en-US","@id":"https:\/\/www.plastrans.com\/#\/schema\/logo\/image\/","url":"https:\/\/plastrans.kinsta.cloud\/wp-content\/uploads\/2023\/04\/plastrans.png","contentUrl":"https:\/\/plastrans.kinsta.cloud\/wp-content\/uploads\/2023\/04\/plastrans.png","width":225,"height":225,"caption":"Plastrans Technologies"},"image":{"@id":"https:\/\/www.plastrans.com\/#\/schema\/logo\/image\/"},"sameAs":["https:\/\/www.linkedin.com\/company\/18090199\/"]}]}},"_links":{"self":[{"href":"https:\/\/www.plastrans.com\/en\/wp-json\/wp\/v2\/pages\/8941","targetHints":{"allow":["GET"]}}],"collection":[{"href":"https:\/\/www.plastrans.com\/en\/wp-json\/wp\/v2\/pages"}],"about":[{"href":"https:\/\/www.plastrans.com\/en\/wp-json\/wp\/v2\/types\/page"}],"author":[{"embeddable":true,"href":"https:\/\/www.plastrans.com\/en\/wp-json\/wp\/v2\/users\/26"}],"replies":[{"embeddable":true,"href":"https:\/\/www.plastrans.com\/en\/wp-json\/wp\/v2\/comments?post=8941"}],"version-history":[{"count":13,"href":"https:\/\/www.plastrans.com\/en\/wp-json\/wp\/v2\/pages\/8941\/revisions"}],"predecessor-version":[{"id":10080,"href":"https:\/\/www.plastrans.com\/en\/wp-json\/wp\/v2\/pages\/8941\/revisions\/10080"}],"up":[{"embeddable":true,"href":"https:\/\/www.plastrans.com\/en\/wp-json\/wp\/v2\/pages\/2545"}],"wp:attachment":[{"href":"https:\/\/www.plastrans.com\/en\/wp-json\/wp\/v2\/media?parent=8941"}],"curies":[{"name":"wp","href":"https:\/\/api.w.org\/{rel}","templated":true}]}}